{"id":431,"date":"2015-01-18T11:08:28","date_gmt":"2015-01-18T10:08:28","guid":{"rendered":"http:\/\/www.ztec.at\/consulting\/?page_id=431"},"modified":"2024-09-09T13:28:53","modified_gmt":"2024-09-09T12:28:53","slug":"management-consulting","status":"publish","type":"page","link":"http:\/\/www.ztec.at\/consulting\/ztec-e-u\/management-consulting\/","title":{"rendered":"Management &#8211; Consulting"},"content":{"rendered":"<p>Wir verstehen uns als so genannter technischer Unternehmensberater, d.h. wir machen nicht nur Konzepte sondern helfen unseren Kunden auch bei der konkreten Umsetzung.<\/p>\n<p>Derzeit umfasst unser Dienstleistungsportfolio folgende Beratungs- und Dienstleistungen:<\/p>\n<ul>\n<li>HSQE &#8211; Managementsysteme sowie MS f\u00fcr produktbezogene EU-Richtlinien<br \/>\nWir erstellen Qualit\u00e4ts-, Umwelt- und Sicherheitsmanagementsystem\u00a0 in getrennten oder meist in integrierten Organisationshandb\u00fccher. Auf Wunsch k\u00f6nnen wir auch im Rahmen der Dienstleistung &#8220;Management auf Zeit&#8221; kurz- aber auch langfristig den Beauftragten der obersten Leitung als externe Stelle \u00fcbernehmen und die komplette Koordination mit den Zertifizierungsstellen erledigen.<\/li>\n<li>Risiko- und Krisenmanagement<br \/>\nWir k\u00f6nnen mit den eigens entwickelten ZTEC &#8211; RM-Ansatz einerseits ein umfassenden Risikomanagementsystem anbieten und andererseits aber auch nur auf einzelne Bereiche bzw. Problemstellungen gezielte L\u00f6sungen anbieten.<\/li>\n<li>Bundes-Energie-Effizienzgesetz<br \/>\nUnternehmen mit mehr als 250 Mitarbeiter bzw. einem Umsatz von\u00a0mehr als\u00a050 Millionen Euro oder einer Bilanzsumme von h\u00f6chstens 43 Millionen Euro unterliegen dem Bundes-Energie-Effizienzgesetz und m\u00fcssen bis 31.1.2015 sich bei der Monitoringstelle sich deklarieren. Wir helfen bei der Entscheidung, welcher Weg f\u00fcr das Unternehmen der sinnvollste ist, und unterst\u00fctzen bei der weiteren Umsetzung, welche bis Ende Nov. 2015 abgeschlossen sein mu\u00df.<\/li>\n<li>EN 1090<br \/>\nWir erstellen Handb\u00fccher f\u00fcr werkseigene Produktionskontrolle und unterst\u00fctzen Sie bei der Zertifzierung sowie laufenden Betreuung bis hin zur Einholung von Statiken uvm.<\/li>\n<li>Beratung betreffend ESG &amp; Nachhaltigkeit<\/li>\n<\/ul>\n","protected":false},"excerpt":{"rendered":"<p>Wir verstehen uns als so genannter technischer Unternehmensberater, d.h. wir machen nicht nur Konzepte sondern helfen unseren Kunden auch bei der konkreten Umsetzung. Derzeit umfasst unser Dienstleistungsportfolio folgende Beratungs- und Dienstleistungen: HSQE &#8211; Managementsysteme sowie MS f\u00fcr produktbezogene EU-Richtlinien Wir erstellen Qualit\u00e4ts-, Umwelt- und Sicherheitsmanagementsystem\u00a0 in getrennten oder meist in integrierten Organisationshandb\u00fccher. Auf Wunsch k\u00f6nnen [&hellip;]<\/p>\n","protected":false},"author":2,"featured_media":0,"parent":69,"menu_order":0,"comment_status":"closed","ping_status":"closed","template":"","meta":{"footnotes":""},"class_list":["post-431","page","type-page","status-publish","hentry"],"_links":{"self":[{"href":"http:\/\/www.ztec.at\/consulting\/wp-json\/wp\/v2\/pages\/431","targetHints":{"allow":["GET"]}}],"collection":[{"href":"http:\/\/www.ztec.at\/consulting\/wp-json\/wp\/v2\/pages"}],"about":[{"href":"http:\/\/www.ztec.at\/consulting\/wp-json\/wp\/v2\/types\/page"}],"author":[{"embeddable":true,"href":"http:\/\/www.ztec.at\/consulting\/wp-json\/wp\/v2\/users\/2"}],"replies":[{"embeddable":true,"href":"http:\/\/www.ztec.at\/consulting\/wp-json\/wp\/v2\/comments?post=431"}],"version-history":[{"count":5,"href":"http:\/\/www.ztec.at\/consulting\/wp-json\/wp\/v2\/pages\/431\/revisions"}],"predecessor-version":[{"id":1399,"href":"http:\/\/www.ztec.at\/consulting\/wp-json\/wp\/v2\/pages\/431\/revisions\/1399"}],"up":[{"embeddable":true,"href":"http:\/\/www.ztec.at\/consulting\/wp-json\/wp\/v2\/pages\/69"}],"wp:attachment":[{"href":"http:\/\/www.ztec.at\/consulting\/wp-json\/wp\/v2\/media?parent=431"}],"curies":[{"name":"wp","href":"https:\/\/api.w.org\/{rel}","templated":true}]}}