{"id":433,"date":"2015-01-18T10:53:28","date_gmt":"2015-01-18T09:53:28","guid":{"rendered":"http:\/\/www.ztec.at\/consulting\/?page_id=433"},"modified":"2015-01-18T10:53:28","modified_gmt":"2015-01-18T09:53:28","slug":"facility-management","status":"publish","type":"page","link":"http:\/\/www.ztec.at\/consulting\/ztec-e-u\/facility-management\/","title":{"rendered":"Facility Management"},"content":{"rendered":"<p>Wir erbringen unsere Beratungs- und Dienstleistungen entweder durch komplette \u00dcbernahme der T\u00e4tigkeiten oder mittels Coaching &#8211; Ansatz, wo wir gezielt Know-How bei unseren Kunden aufbauen, damit dieser mit seinem Personal selbst erbringen kann. In den meisten F\u00e4llen ist eine Mischung dieser beiden Ans\u00e4tze gew\u00fcnscht und im Sinne unserer Strategie streben wir eine langfristige Partnerschaft mit unseren Kunden an.<\/p>\n<p>Unsere Dienstleistungsportfolio umfasst derzeit folgende Leistungen:<\/p>\n<ul>\n<li>Instandhaltung<br \/>\nAllgemeine Beurteilung der Instandhaltung; Festlegung der erforderlichen T\u00e4tigkeiten in Abh\u00e4ngigkeit der Priorit\u00e4ten; Finden von Einsparpotentiale; Entscheidung betreffend Eigen- und Fremdinstandhaltung; Instandhaltungsvertr\u00e4ge, uvm<\/li>\n<li>Reinvestplanung<br \/>\nReinvestitionen sind systematisch planbar. Wir helfen beim Aufbau\u00a0einer systematischen\u00a0Reinvestitionsplanung und unterst\u00fctzen bei der Absch\u00e4tzung von Restlebensdauer und Reinvestbedarf. Weiters beurteilen wir auch Nachr\u00fcstungserfordernis aufgrund zu hoher Abweichungen zum heutigen Stand der Technik.<\/li>\n<li>Pr\u00fcfpflichtenmanagement<br \/>\nWir erheben den vorhandenen Bestand an pr\u00fcfpflichtigen Einrichtungen und Vorgaben aufgrund von Bescheidauflagen und stellen &#8211; falls gewollt &#8211; sicher, dass alle Pr\u00fcfpflichten im Sinne der Rechtssicherheit eingehalten werden.<\/li>\n<li>FM-Konzepte<br \/>\nWir stellen in Abh\u00e4ngigkeit der vorhandenen Infrastruktur und der Vorgaben des Kerngesch\u00e4ftes unserer Kunden alle erforderlichen T\u00e4tigkeiten zur Aufrechterhaltung des Normalbetriebes fest. Erg\u00e4nzend wird eine objektbezogene FM-Strategie gemeinsam mit dem Kunden entwickelt. In weiterer Folge unterst\u00fctzen wir bei der Umsetzung, f\u00fchren technische Audits durch\u00a0und im Bedarfsfall erstellen wir auch gutachterliche Stellungnahmen zur unabh\u00e4ngigen Feststellung von diversen Sachverhalten.<\/li>\n<\/ul>\n","protected":false},"excerpt":{"rendered":"<p>Wir erbringen unsere Beratungs- und Dienstleistungen entweder durch komplette \u00dcbernahme der T\u00e4tigkeiten oder mittels Coaching &#8211; Ansatz, wo wir gezielt Know-How bei unseren Kunden aufbauen, damit dieser mit seinem Personal selbst erbringen kann. In den meisten F\u00e4llen ist eine Mischung dieser beiden Ans\u00e4tze gew\u00fcnscht und im Sinne unserer Strategie streben wir eine langfristige Partnerschaft mit [&hellip;]<\/p>\n","protected":false},"author":2,"featured_media":0,"parent":69,"menu_order":0,"comment_status":"closed","ping_status":"closed","template":"","meta":{"footnotes":""},"class_list":["post-433","page","type-page","status-publish","hentry"],"_links":{"self":[{"href":"http:\/\/www.ztec.at\/consulting\/wp-json\/wp\/v2\/pages\/433","targetHints":{"allow":["GET"]}}],"collection":[{"href":"http:\/\/www.ztec.at\/consulting\/wp-json\/wp\/v2\/pages"}],"about":[{"href":"http:\/\/www.ztec.at\/consulting\/wp-json\/wp\/v2\/types\/page"}],"author":[{"embeddable":true,"href":"http:\/\/www.ztec.at\/consulting\/wp-json\/wp\/v2\/users\/2"}],"replies":[{"embeddable":true,"href":"http:\/\/www.ztec.at\/consulting\/wp-json\/wp\/v2\/comments?post=433"}],"version-history":[{"count":3,"href":"http:\/\/www.ztec.at\/consulting\/wp-json\/wp\/v2\/pages\/433\/revisions"}],"predecessor-version":[{"id":495,"href":"http:\/\/www.ztec.at\/consulting\/wp-json\/wp\/v2\/pages\/433\/revisions\/495"}],"up":[{"embeddable":true,"href":"http:\/\/www.ztec.at\/consulting\/wp-json\/wp\/v2\/pages\/69"}],"wp:attachment":[{"href":"http:\/\/www.ztec.at\/consulting\/wp-json\/wp\/v2\/media?parent=433"}],"curies":[{"name":"wp","href":"https:\/\/api.w.org\/{rel}","templated":true}]}}