{"id":557,"date":"2015-08-20T17:28:14","date_gmt":"2015-08-20T16:28:14","guid":{"rendered":"http:\/\/www.ztec.at\/consulting\/?page_id=557"},"modified":"2024-09-09T14:13:16","modified_gmt":"2024-09-09T13:13:16","slug":"aufzugsberatung","status":"publish","type":"page","link":"http:\/\/www.ztec.at\/consulting\/ztec-zt-gmbh\/aufzugsberatung\/","title":{"rendered":"Aufzug &#038; HKLS &#8211; ET &#8211; AZ"},"content":{"rendered":"<p>ZTEC ZT GMBH verf\u00fcgt \u00fcber jahrelange, nachweislich profunde Erfahrung im Bereich der Aufzugstechnik sowie in allen naheverwandten Fachbereichen der F\u00f6rdertechnik (ins. Fahrtreppen und \u2013steige, KFZ-Parkieranlagen, Hebeb\u00fchnen und Hebeb\u00f6cke, etc.) beginnend von der Planung, Fertigung, Ausschreibung, Pr\u00fcfung bis hin zur technischen Betriebsf\u00fchrung als Anlagenbetreiber.<\/p>\n<p>Unsere Kunden sind sowohl namhafte nationale als auch internationale Hersteller, Pr\u00fcfer bzw. Inspektionsstellen sowie selbstverst\u00e4ndlich die Hauptzielgruppe die Betreiber \/ Eigent\u00fcmer und letztendlich Anlagenverantwortlichen. ZTEC-Strategie ist es eine neutrale, fachlich fundierte Beratungsdienstleistungen anzubieten, welche frei von jeglichen Pr\u00fcfer-, Hersteller- bzw. Eigent\u00fcmerinteressen ist. Neben dem Aspekt der Sicherheit stehen bei uns die Sicherstellung der anlagenbezogenen Legal Compliance bei akzeptablen Lebenszykluskosten aus Betreibersicht stets im Vordergrund der Beratungen.<\/p>\n<p>Aufgrund der langj\u00e4hrigen Erfahrung haben wir in Zusammenarbeit mit unseren Kunden folgende Dienstleistungen im Bereich der F\u00f6rdertechnik systematisch entwickelt:<\/p>\n<ul>\n<li>Ausschreibung &#8211; Angebotseinholung<\/li>\n<li>Angebotspr\u00fcfung<\/li>\n<li>Evaluierung<\/li>\n<li>Begleitende Bau\u00fcberwachung<\/li>\n<li>Gew\u00e4hrleistungs-Check<\/li>\n<li>Anlagenmanagement<\/li>\n<\/ul>\n<p>F\u00fcr spezifische Anfrage, n\u00e4here Ausk\u00fcnfte zu den o.a. Dienstleistungen aber auch f\u00fcr allf\u00e4llige weitergehende Anfrage stehen wir Ihnen unter office@ztec.at gerne zur Verf\u00fcgung.<\/p>\n","protected":false},"excerpt":{"rendered":"<p>ZTEC ZT GMBH verf\u00fcgt \u00fcber jahrelange, nachweislich profunde Erfahrung im Bereich der Aufzugstechnik sowie in allen naheverwandten Fachbereichen der F\u00f6rdertechnik (ins. Fahrtreppen und \u2013steige, KFZ-Parkieranlagen, Hebeb\u00fchnen und Hebeb\u00f6cke, etc.) beginnend von der Planung, Fertigung, Ausschreibung, Pr\u00fcfung bis hin zur technischen Betriebsf\u00fchrung als Anlagenbetreiber. Unsere Kunden sind sowohl namhafte nationale als auch internationale Hersteller, Pr\u00fcfer bzw. [&hellip;]<\/p>\n","protected":false},"author":2,"featured_media":0,"parent":418,"menu_order":0,"comment_status":"closed","ping_status":"closed","template":"","meta":{"footnotes":""},"class_list":["post-557","page","type-page","status-publish","hentry"],"_links":{"self":[{"href":"http:\/\/www.ztec.at\/consulting\/wp-json\/wp\/v2\/pages\/557","targetHints":{"allow":["GET"]}}],"collection":[{"href":"http:\/\/www.ztec.at\/consulting\/wp-json\/wp\/v2\/pages"}],"about":[{"href":"http:\/\/www.ztec.at\/consulting\/wp-json\/wp\/v2\/types\/page"}],"author":[{"embeddable":true,"href":"http:\/\/www.ztec.at\/consulting\/wp-json\/wp\/v2\/users\/2"}],"replies":[{"embeddable":true,"href":"http:\/\/www.ztec.at\/consulting\/wp-json\/wp\/v2\/comments?post=557"}],"version-history":[{"count":61,"href":"http:\/\/www.ztec.at\/consulting\/wp-json\/wp\/v2\/pages\/557\/revisions"}],"predecessor-version":[{"id":903,"href":"http:\/\/www.ztec.at\/consulting\/wp-json\/wp\/v2\/pages\/557\/revisions\/903"}],"up":[{"embeddable":true,"href":"http:\/\/www.ztec.at\/consulting\/wp-json\/wp\/v2\/pages\/418"}],"wp:attachment":[{"href":"http:\/\/www.ztec.at\/consulting\/wp-json\/wp\/v2\/media?parent=557"}],"curies":[{"name":"wp","href":"https:\/\/api.w.org\/{rel}","templated":true}]}}