{"id":562,"date":"2015-08-20T17:14:33","date_gmt":"2015-08-20T16:14:33","guid":{"rendered":"http:\/\/www.ztec.at\/consulting\/?page_id=562"},"modified":"2026-04-07T10:55:57","modified_gmt":"2026-04-07T09:55:57","slug":"team","status":"publish","type":"page","link":"http:\/\/www.ztec.at\/consulting\/team\/","title":{"rendered":"Team"},"content":{"rendered":"<h2>Gesch\u00e4ftsf\u00fchrung:<\/h2>\n<p><strong>Dipl.- Ing. G\u00fcnter ZOWA<\/strong><\/p>\n<p style=\"padding-left: 30px;\">Tel.: 0043 664 50 500 68<\/p>\n<p style=\"padding-left: 30px;\">E-Mail : <a href=\"mailto:zowa.guenter@ztec.at\">zowa.guenter@ztec.at<\/a><\/p>\n<p>&nbsp;<\/p>\n<p><strong>Dip.-Ing. (FH) Johannes OBERMOSER, MBA<\/strong><\/p>\n<p style=\"padding-left: 30px;\">Tel.: 0043\u00a0664 7500 48 06<\/p>\n<p style=\"padding-left: 30px;\">E-Mail :\u00a0<a href=\"mailto:obermoser.johannes@ztec.at\">obermoser.johannes@ztec.at\u00a0<\/a><\/p>\n<p>&nbsp;<\/p>\n<h2>Verwaltung \/Assistenz &amp; ZTEC Vergabeportal \/ Rechnungen:<\/h2>\n<p><strong>Nicole BERANEK<\/strong><\/p>\n<p>Festnetz: 0043 2262 204 11-0<\/p>\n<p>Tel.: 0043 699 131 77 606<\/p>\n<p>E-Mail: <a href=\"mailto:beranek.nicole@ztec.at\">beranek.nicole@ztec.at<\/a><\/p>\n<p>&nbsp;<\/p>\n<p><strong>Angela MACEK<\/strong><\/p>\n<p>Festnetz: 0043 2262 204 11-0<\/p>\n<p>Tel.: 0043 699 131 77 686<\/p>\n<p>E-Mail: <a href=\"macek.angela@ztec.at\">macek.angela@ztec.at<\/a><\/p>\n<p>&nbsp;<\/p>\n<h2>ZTEC Team<\/h2>\n<p>&nbsp;<\/p>\n<p><strong>Ing. Robert HOFBAUER<\/strong><\/p>\n<p>Tel.: 0043 0660 830 69 93<\/p>\n<p>E-Mail: <a href=\"mailto:hofbauer.robert@ztec.at\">hofbauer.robert@ztec.at<\/a><\/p>\n<p>&nbsp;<\/p>\n<p><strong>Ing. Christian MACEK<\/strong><\/p>\n<p>Tel.: 0043 0681 814 21 170<\/p>\n<p>E-Mail: <a href=\"mailto:macek.christian@ztec.at\">macek.christian@ztec.at<\/a><\/p>\n<p>&nbsp;<\/p>\n<p><strong>Allgemeine E-Mail &#8211;<\/strong>\u00a0<a href=\"mailto:office@ztec.at\">office@ztec.at<\/a><\/p>\n<p><strong>Energietechnische Anfragen &#8211;<\/strong> <a href=\"energie@ztec.at\">energie@ztec.at<\/a><\/p>\n<p><strong>Bauwerksbuch Anfragen &#8211;<\/strong> <a href=\"bwb@ztec.at\">bwb@ztec.at<\/a><\/p>\n<p>&nbsp;<\/p>\n<p style=\"padding-left: 30px;\">E-Mail:\u00a0<a href=\"ausschreibung-angebote@ztec.at\">ausschreibung-angebote@ztec.at<\/a><\/p>\n<p style=\"padding-left: 30px;\">E-Mail:<a href=\"mailto:rechnung@ztec.at\">rechnung@ztec.at<\/a><\/p>\n<p style=\"padding-left: 30px;\">E-Mail: <a href=\"mailto:rechnung@ztec.at\">rechnung@ztec.at<\/a><\/p>\n<p>\u00a0 \u00a0 \u00a0 \u00a0 E-Mail: <a href=\"sekretariat@ztec.at\">sekretariat@ztec.at<\/a><\/p>\n","protected":false},"excerpt":{"rendered":"<p>Gesch\u00e4ftsf\u00fchrung: Dipl.- Ing. G\u00fcnter ZOWA Tel.: 0043 664 50 500 68 E-Mail : zowa.guenter@ztec.at &nbsp; Dip.-Ing. (FH) Johannes OBERMOSER, MBA Tel.: 0043\u00a0664 7500 48 06 E-Mail :\u00a0obermoser.johannes@ztec.at\u00a0 &nbsp; Verwaltung \/Assistenz &amp; ZTEC Vergabeportal \/ Rechnungen: Nicole BERANEK Festnetz: 0043 2262 204 11-0 Tel.: 0043 699 131 77 606 E-Mail: beranek.nicole@ztec.at &nbsp; Angela MACEK Festnetz: 0043 [&hellip;]<\/p>\n","protected":false},"author":2,"featured_media":0,"parent":0,"menu_order":1,"comment_status":"closed","ping_status":"closed","template":"","meta":{"footnotes":""},"class_list":["post-562","page","type-page","status-publish","hentry"],"_links":{"self":[{"href":"http:\/\/www.ztec.at\/consulting\/wp-json\/wp\/v2\/pages\/562","targetHints":{"allow":["GET"]}}],"collection":[{"href":"http:\/\/www.ztec.at\/consulting\/wp-json\/wp\/v2\/pages"}],"about":[{"href":"http:\/\/www.ztec.at\/consulting\/wp-json\/wp\/v2\/types\/page"}],"author":[{"embeddable":true,"href":"http:\/\/www.ztec.at\/consulting\/wp-json\/wp\/v2\/users\/2"}],"replies":[{"embeddable":true,"href":"http:\/\/www.ztec.at\/consulting\/wp-json\/wp\/v2\/comments?post=562"}],"version-history":[{"count":42,"href":"http:\/\/www.ztec.at\/consulting\/wp-json\/wp\/v2\/pages\/562\/revisions"}],"predecessor-version":[{"id":1449,"href":"http:\/\/www.ztec.at\/consulting\/wp-json\/wp\/v2\/pages\/562\/revisions\/1449"}],"wp:attachment":[{"href":"http:\/\/www.ztec.at\/consulting\/wp-json\/wp\/v2\/media?parent=562"}],"curies":[{"name":"wp","href":"https:\/\/api.w.org\/{rel}","templated":true}]}}