{"id":6,"date":"2013-01-29T22:42:00","date_gmt":"2013-01-29T20:42:00","guid":{"rendered":"http:\/\/www.zeitgedanken.com\/ztec\/?page_id=4"},"modified":"2024-09-09T13:24:18","modified_gmt":"2024-09-09T12:24:18","slug":"vision","status":"publish","type":"page","link":"http:\/\/www.ztec.at\/consulting\/vision\/","title":{"rendered":"Vision"},"content":{"rendered":"<p>Die ZTEC &#8211; Unternehmensgruppe\u00a0ist ein Beratungsunternehmen, welches f\u00fcr technische \/ rechtliche \/ wirtschaftliche Problemstellungen jeglicher Art konkrete l\u00f6sungsorientierte Ans\u00e4tze entwickelt.<\/p>\n<p>&nbsp;<\/p>\n<p>Erg\u00e4nzend zur eigentlichen Beratungsleistung in den Bereichen technischen Consulting und Unternehmensberatung werden Schulungen sowie fachliche Begleitung zur Umsetzung der Ma\u00dfnahmen angeboten.<\/p>\n<p>&nbsp;<\/p>\n<p>Unter Nutzung bestehender Netzwerke werden ma\u00dfgeschneidert f\u00fcr komplexere Anfragen Projektteams gebildet und unter der F\u00fchrung von ZTEC koordiniert.<\/p>\n","protected":false},"excerpt":{"rendered":"<p>Die ZTEC &#8211; Unternehmensgruppe\u00a0ist ein Beratungsunternehmen, welches f\u00fcr technische \/ rechtliche \/ wirtschaftliche Problemstellungen jeglicher Art konkrete l\u00f6sungsorientierte Ans\u00e4tze entwickelt. &nbsp; Erg\u00e4nzend zur eigentlichen Beratungsleistung in den Bereichen technischen Consulting und Unternehmensberatung werden Schulungen sowie fachliche Begleitung zur Umsetzung der Ma\u00dfnahmen angeboten. &nbsp; Unter Nutzung bestehender Netzwerke werden ma\u00dfgeschneidert f\u00fcr komplexere Anfragen Projektteams gebildet und [&hellip;]<\/p>\n","protected":false},"author":1,"featured_media":0,"parent":0,"menu_order":0,"comment_status":"open","ping_status":"closed","template":"","meta":{"footnotes":""},"class_list":["post-6","page","type-page","status-publish","hentry"],"_links":{"self":[{"href":"http:\/\/www.ztec.at\/consulting\/wp-json\/wp\/v2\/pages\/6","targetHints":{"allow":["GET"]}}],"collection":[{"href":"http:\/\/www.ztec.at\/consulting\/wp-json\/wp\/v2\/pages"}],"about":[{"href":"http:\/\/www.ztec.at\/consulting\/wp-json\/wp\/v2\/types\/page"}],"author":[{"embeddable":true,"href":"http:\/\/www.ztec.at\/consulting\/wp-json\/wp\/v2\/users\/1"}],"replies":[{"embeddable":true,"href":"http:\/\/www.ztec.at\/consulting\/wp-json\/wp\/v2\/comments?post=6"}],"version-history":[{"count":8,"href":"http:\/\/www.ztec.at\/consulting\/wp-json\/wp\/v2\/pages\/6\/revisions"}],"predecessor-version":[{"id":1397,"href":"http:\/\/www.ztec.at\/consulting\/wp-json\/wp\/v2\/pages\/6\/revisions\/1397"}],"wp:attachment":[{"href":"http:\/\/www.ztec.at\/consulting\/wp-json\/wp\/v2\/media?parent=6"}],"curies":[{"name":"wp","href":"https:\/\/api.w.org\/{rel}","templated":true}]}}