{"id":857,"date":"2017-06-20T13:34:36","date_gmt":"2017-06-20T12:34:36","guid":{"rendered":"http:\/\/www.ztec.at\/consulting\/?page_id=857"},"modified":"2024-09-09T14:04:32","modified_gmt":"2024-09-09T13:04:32","slug":"bautechnik-bt","status":"publish","type":"page","link":"http:\/\/www.ztec.at\/consulting\/ztec-zt-gmbh\/bautechnik-bt\/","title":{"rendered":"Bautechnik &#8211; BT"},"content":{"rendered":"<p>Folgende Dienstleistungen werden im Bereich Bautechnik angeboten:<\/p>\n<ul>\n<li>Bauwerksb\u00fccher lt. Wr. BO<\/li>\n<li>Begleitende Baukontrolle<\/li>\n<li>Barrierefreiheit<\/li>\n<li>Sicherheitskonzept f\u00fcr Bestandsobjekte<\/li>\n<li>Pr\u00fcfung von technischen Dokumentationen<\/li>\n<li>GW-Check<\/li>\n<\/ul>\n<p>F\u00fcr spezifische Anfrage, n\u00e4here Ausk\u00fcnfte zu den o.a. Dienstleistungen aber auch f\u00fcr allf\u00e4llige weitergehende Anfrage stehen wir Ihnen unter office@ztec.at gerne zur Verf\u00fcgung.<\/p>\n","protected":false},"excerpt":{"rendered":"<p>Folgende Dienstleistungen werden im Bereich Bautechnik angeboten: Bauwerksb\u00fccher lt. Wr. BO Begleitende Baukontrolle Barrierefreiheit Sicherheitskonzept f\u00fcr Bestandsobjekte Pr\u00fcfung von technischen Dokumentationen GW-Check F\u00fcr spezifische Anfrage, n\u00e4here Ausk\u00fcnfte zu den o.a. Dienstleistungen aber auch f\u00fcr allf\u00e4llige weitergehende Anfrage stehen wir Ihnen unter office@ztec.at gerne zur Verf\u00fcgung.<\/p>\n","protected":false},"author":2,"featured_media":0,"parent":418,"menu_order":0,"comment_status":"closed","ping_status":"closed","template":"","meta":{"footnotes":""},"class_list":["post-857","page","type-page","status-publish","hentry"],"_links":{"self":[{"href":"http:\/\/www.ztec.at\/consulting\/wp-json\/wp\/v2\/pages\/857","targetHints":{"allow":["GET"]}}],"collection":[{"href":"http:\/\/www.ztec.at\/consulting\/wp-json\/wp\/v2\/pages"}],"about":[{"href":"http:\/\/www.ztec.at\/consulting\/wp-json\/wp\/v2\/types\/page"}],"author":[{"embeddable":true,"href":"http:\/\/www.ztec.at\/consulting\/wp-json\/wp\/v2\/users\/2"}],"replies":[{"embeddable":true,"href":"http:\/\/www.ztec.at\/consulting\/wp-json\/wp\/v2\/comments?post=857"}],"version-history":[{"count":9,"href":"http:\/\/www.ztec.at\/consulting\/wp-json\/wp\/v2\/pages\/857\/revisions"}],"predecessor-version":[{"id":1414,"href":"http:\/\/www.ztec.at\/consulting\/wp-json\/wp\/v2\/pages\/857\/revisions\/1414"}],"up":[{"embeddable":true,"href":"http:\/\/www.ztec.at\/consulting\/wp-json\/wp\/v2\/pages\/418"}],"wp:attachment":[{"href":"http:\/\/www.ztec.at\/consulting\/wp-json\/wp\/v2\/media?parent=857"}],"curies":[{"name":"wp","href":"https:\/\/api.w.org\/{rel}","templated":true}]}}