{"id":859,"date":"2017-06-20T13:36:13","date_gmt":"2017-06-20T12:36:13","guid":{"rendered":"http:\/\/www.ztec.at\/consulting\/?page_id=859"},"modified":"2024-09-09T14:15:08","modified_gmt":"2024-09-09T13:15:08","slug":"consulting-co","status":"publish","type":"page","link":"http:\/\/www.ztec.at\/consulting\/ztec-zt-gmbh\/consulting-co\/","title":{"rendered":"Consulting &#8211; CO"},"content":{"rendered":"<p>Folgende Dienstleistungen werden im Bereich Consulting angeboten:<\/p>\n<ul>\n<li>Energieausweis &#8211; und Beratung<\/li>\n<li>FM-Konzepte<\/li>\n<li>ESG Beratung<\/li>\n<li>HSQE<\/li>\n<li>Risikomanagement<\/li>\n<\/ul>\n<p>F\u00fcr spezifische Anfrage, n\u00e4here Ausk\u00fcnfte zu den o.a. Dienstleistungen aber auch f\u00fcr allf\u00e4llige weitergehende Anfrage stehen wir Ihnen unter office@ztec.at gerne zur Verf\u00fcgung.<\/p>\n","protected":false},"excerpt":{"rendered":"<p>Folgende Dienstleistungen werden im Bereich Consulting angeboten: Energieausweis &#8211; und Beratung FM-Konzepte ESG Beratung HSQE Risikomanagement F\u00fcr spezifische Anfrage, n\u00e4here Ausk\u00fcnfte zu den o.a. Dienstleistungen aber auch f\u00fcr allf\u00e4llige weitergehende Anfrage stehen wir Ihnen unter office@ztec.at gerne zur Verf\u00fcgung.<\/p>\n","protected":false},"author":2,"featured_media":0,"parent":418,"menu_order":0,"comment_status":"closed","ping_status":"closed","template":"","meta":{"footnotes":""},"class_list":["post-859","page","type-page","status-publish","hentry"],"_links":{"self":[{"href":"http:\/\/www.ztec.at\/consulting\/wp-json\/wp\/v2\/pages\/859","targetHints":{"allow":["GET"]}}],"collection":[{"href":"http:\/\/www.ztec.at\/consulting\/wp-json\/wp\/v2\/pages"}],"about":[{"href":"http:\/\/www.ztec.at\/consulting\/wp-json\/wp\/v2\/types\/page"}],"author":[{"embeddable":true,"href":"http:\/\/www.ztec.at\/consulting\/wp-json\/wp\/v2\/users\/2"}],"replies":[{"embeddable":true,"href":"http:\/\/www.ztec.at\/consulting\/wp-json\/wp\/v2\/comments?post=859"}],"version-history":[{"count":15,"href":"http:\/\/www.ztec.at\/consulting\/wp-json\/wp\/v2\/pages\/859\/revisions"}],"predecessor-version":[{"id":1069,"href":"http:\/\/www.ztec.at\/consulting\/wp-json\/wp\/v2\/pages\/859\/revisions\/1069"}],"up":[{"embeddable":true,"href":"http:\/\/www.ztec.at\/consulting\/wp-json\/wp\/v2\/pages\/418"}],"wp:attachment":[{"href":"http:\/\/www.ztec.at\/consulting\/wp-json\/wp\/v2\/media?parent=859"}],"curies":[{"name":"wp","href":"https:\/\/api.w.org\/{rel}","templated":true}]}}