{"id":861,"date":"2017-06-20T13:38:14","date_gmt":"2017-06-20T12:38:14","guid":{"rendered":"http:\/\/www.ztec.at\/consulting\/?page_id=861"},"modified":"2024-09-09T14:19:04","modified_gmt":"2024-09-09T13:19:04","slug":"objektsicherheit-os","status":"publish","type":"page","link":"http:\/\/www.ztec.at\/consulting\/ztec-zt-gmbh\/objektsicherheit-os\/","title":{"rendered":"Objektsicherheit &#8211; OS"},"content":{"rendered":"<p>Folgende Dienstleistungen werden im Bereich Objektsicherheit angeboten:<\/p>\n<ul>\n<li>Objektsicherheit B1300 \/ B301<\/li>\n<li>Dach-Evaluierungen<\/li>\n<li>Pr\u00fcfpflichtenmanagement<\/li>\n<li>Objekt &#8211; Dokumentation<\/li>\n<\/ul>\n<p>F\u00fcr spezifische Anfrage, n\u00e4here Ausk\u00fcnfte zu den o.a. Dienstleistungen aber auch f\u00fcr allf\u00e4llige weitergehende Anfrage stehen wir Ihnen unter office@ztec.at gerne zur Verf\u00fcgung.<\/p>\n<p>&nbsp;<\/p>\n","protected":false},"excerpt":{"rendered":"<p>Folgende Dienstleistungen werden im Bereich Objektsicherheit angeboten: Objektsicherheit B1300 \/ B301 Dach-Evaluierungen Pr\u00fcfpflichtenmanagement Objekt &#8211; Dokumentation F\u00fcr spezifische Anfrage, n\u00e4here Ausk\u00fcnfte zu den o.a. Dienstleistungen aber auch f\u00fcr allf\u00e4llige weitergehende Anfrage stehen wir Ihnen unter office@ztec.at gerne zur Verf\u00fcgung. &nbsp;<\/p>\n","protected":false},"author":2,"featured_media":0,"parent":418,"menu_order":0,"comment_status":"closed","ping_status":"closed","template":"","meta":{"footnotes":""},"class_list":["post-861","page","type-page","status-publish","hentry"],"_links":{"self":[{"href":"http:\/\/www.ztec.at\/consulting\/wp-json\/wp\/v2\/pages\/861","targetHints":{"allow":["GET"]}}],"collection":[{"href":"http:\/\/www.ztec.at\/consulting\/wp-json\/wp\/v2\/pages"}],"about":[{"href":"http:\/\/www.ztec.at\/consulting\/wp-json\/wp\/v2\/types\/page"}],"author":[{"embeddable":true,"href":"http:\/\/www.ztec.at\/consulting\/wp-json\/wp\/v2\/users\/2"}],"replies":[{"embeddable":true,"href":"http:\/\/www.ztec.at\/consulting\/wp-json\/wp\/v2\/comments?post=861"}],"version-history":[{"count":9,"href":"http:\/\/www.ztec.at\/consulting\/wp-json\/wp\/v2\/pages\/861\/revisions"}],"predecessor-version":[{"id":1426,"href":"http:\/\/www.ztec.at\/consulting\/wp-json\/wp\/v2\/pages\/861\/revisions\/1426"}],"up":[{"embeddable":true,"href":"http:\/\/www.ztec.at\/consulting\/wp-json\/wp\/v2\/pages\/418"}],"wp:attachment":[{"href":"http:\/\/www.ztec.at\/consulting\/wp-json\/wp\/v2\/media?parent=861"}],"curies":[{"name":"wp","href":"https:\/\/api.w.org\/{rel}","templated":true}]}}